{"id":12495,"date":"2024-03-18T11:12:10","date_gmt":"2024-03-18T11:12:10","guid":{"rendered":"https:\/\/photovoltsolutions.com\/contact\/"},"modified":"2025-07-30T14:42:48","modified_gmt":"2025-07-30T14:42:48","slug":"contact","status":"publish","type":"page","link":"https:\/\/photovoltsolutions.com\/en\/contact\/","title":{"rendered":"Contact"},"content":{"rendered":"\t\t<div data-elementor-type=\"wp-page\" data-elementor-id=\"12495\" class=\"elementor elementor-12495 elementor-4310\" data-elementor-post-type=\"page\">\n\t\t\t\t<div class=\"elementor-element elementor-element-3605c73 parallaxie e-flex e-con-boxed e-con e-parent\" data-id=\"3605c73\" data-element_type=\"container\" data-settings=\"{&quot;background_background&quot;:&quot;classic&quot;,&quot;ekit_section_parallax_bg&quot;:&quot;yes&quot;,&quot;ekit_section_parallax_bg_speed&quot;:0.4}\">\n\t\t\t\t\t<div class=\"e-con-inner\">\n\t\t<div class=\"elementor-element elementor-element-2ac7459 e-con-full e-flex e-con e-child\" data-id=\"2ac7459\" data-element_type=\"container\">\n\t\t\t\t<div class=\"elementor-element elementor-element-d43f6f0 elementor-hidden-desktop elementor-hidden-tablet elementor-widget elementor-widget-spacer\" data-id=\"d43f6f0\" data-element_type=\"widget\" data-settings=\"{&quot;ekit_we_effect_on&quot;:&quot;none&quot;}\" data-widget_type=\"spacer.default\">\n\t\t\t\t<div class=\"elementor-widget-container\">\n\t\t\t\t\t\t\t<div class=\"elementor-spacer\">\n\t\t\t<div class=\"elementor-spacer-inner\"><\/div>\n\t\t<\/div>\n\t\t\t\t\t\t<\/div>\n\t\t\t\t<\/div>\n\t\t\t\t<div class=\"elementor-element elementor-element-0cf7242 solor-heading-animation solor-animation-heading-style-2 elementor-widget elementor-widget-heading\" data-id=\"0cf7242\" data-element_type=\"widget\" data-settings=\"{&quot;ekit_we_effect_on&quot;:&quot;none&quot;}\" data-widget_type=\"heading.default\">\n\t\t\t\t<div class=\"elementor-widget-container\">\n\t\t\t\t\t<h1 class=\"elementor-heading-title elementor-size-default\">Contact  <\/h1>\t\t\t\t<\/div>\n\t\t\t\t<\/div>\n\t\t\t\t<\/div>\n\t\t\t\t\t<\/div>\n\t\t\t\t<\/div>\n\t\t<div class=\"elementor-element elementor-element-4fc019d e-flex e-con-boxed e-con e-parent\" data-id=\"4fc019d\" data-element_type=\"container\">\n\t\t\t\t\t<div class=\"e-con-inner\">\n\t\t<div class=\"elementor-element elementor-element-0fd0192 e-con-full e-flex e-con e-child\" data-id=\"0fd0192\" data-element_type=\"container\">\n\t\t<div class=\"elementor-element elementor-element-f31ac08 e-con-full e-flex elementor-invisible e-con e-child\" data-id=\"f31ac08\" data-element_type=\"container\" data-settings=\"{&quot;background_background&quot;:&quot;classic&quot;,&quot;animation&quot;:&quot;fadeInUp&quot;}\">\n\t\t<div class=\"elementor-element elementor-element-84c2787 e-con-full e-flex e-con e-child\" data-id=\"84c2787\" data-element_type=\"container\">\n\t\t<div class=\"elementor-element elementor-element-0fd72ca e-con-full elementor-hidden-mobile e-flex e-con e-child\" data-id=\"0fd72ca\" data-element_type=\"container\">\n\t\t\t\t<\/div>\n\t\t<div class=\"elementor-element elementor-element-b574b6d e-con-full e-flex e-con e-child\" data-id=\"b574b6d\" data-element_type=\"container\">\n\t\t\t\t<div class=\"elementor-element elementor-element-ebfc3af elementor-view-stacked elementor-shape-rounded elementor-widget elementor-widget-icon\" data-id=\"ebfc3af\" data-element_type=\"widget\" data-settings=\"{&quot;ekit_we_effect_on&quot;:&quot;none&quot;}\" data-widget_type=\"icon.default\">\n\t\t\t\t<div class=\"elementor-widget-container\">\n\t\t\t\t\t\t\t<div class=\"elementor-icon-wrapper\">\n\t\t\t<div class=\"elementor-icon\">\n\t\t\t<i aria-hidden=\"true\" class=\"fas fa-phone\"><\/i>\t\t\t<\/div>\n\t\t<\/div>\n\t\t\t\t\t\t<\/div>\n\t\t\t\t<\/div>\n\t\t\t\t<\/div>\n\t\t<div class=\"elementor-element elementor-element-5616c95 e-con-full e-flex e-con e-child\" data-id=\"5616c95\" data-element_type=\"container\">\n\t\t\t\t<div class=\"elementor-element elementor-element-d4fea57 elementor-view-stacked elementor-shape-rounded elementor-widget elementor-widget-icon\" data-id=\"d4fea57\" data-element_type=\"widget\" data-settings=\"{&quot;ekit_we_effect_on&quot;:&quot;none&quot;}\" data-widget_type=\"icon.default\">\n\t\t\t\t<div class=\"elementor-widget-container\">\n\t\t\t\t\t\t\t<div class=\"elementor-icon-wrapper\">\n\t\t\t<div class=\"elementor-icon\">\n\t\t\t<i aria-hidden=\"true\" class=\"fas fa-envelope\"><\/i>\t\t\t<\/div>\n\t\t<\/div>\n\t\t\t\t\t\t<\/div>\n\t\t\t\t<\/div>\n\t\t\t\t<\/div>\n\t\t\t\t<\/div>\n\t\t<div class=\"elementor-element elementor-element-472f2a8 e-con-full e-flex e-con e-child\" data-id=\"472f2a8\" data-element_type=\"container\">\n\t\t<div class=\"elementor-element elementor-element-fdc748a e-con-full e-flex e-con e-child\" data-id=\"fdc748a\" data-element_type=\"container\" data-settings=\"{&quot;background_background&quot;:&quot;classic&quot;}\">\n\t\t\t\t<div class=\"elementor-element elementor-element-27c0fe2 elementor-widget elementor-widget-text-editor\" data-id=\"27c0fe2\" data-element_type=\"widget\" data-settings=\"{&quot;ekit_we_effect_on&quot;:&quot;none&quot;}\" data-widget_type=\"text-editor.default\">\n\t\t\t\t<div class=\"elementor-widget-container\">\n\t\t\t\t\t\t\t\t\t<p>Telephone:<\/p>\t\t\t\t\t\t\t\t<\/div>\n\t\t\t\t<\/div>\n\t\t\t\t<div class=\"elementor-element elementor-element-ee3d186 elementor-widget elementor-widget-text-editor\" data-id=\"ee3d186\" data-element_type=\"widget\" data-settings=\"{&quot;ekit_we_effect_on&quot;:&quot;none&quot;}\" data-widget_type=\"text-editor.default\">\n\t\t\t\t<div class=\"elementor-widget-container\">\n\t\t\t\t\t\t\t\t\t<p>(+216) 56 276 101<br>(+216) 31 342 000<\/p>\t\t\t\t\t\t\t\t<\/div>\n\t\t\t\t<\/div>\n\t\t\t\t<div class=\"elementor-element elementor-element-7675e92 elementor-widget elementor-widget-text-editor\" data-id=\"7675e92\" data-element_type=\"widget\" data-settings=\"{&quot;ekit_we_effect_on&quot;:&quot;none&quot;}\" data-widget_type=\"text-editor.default\">\n\t\t\t\t<div class=\"elementor-widget-container\">\n\t\t\t\t\t\t\t\t\t<p>Email:<\/p>\t\t\t\t\t\t\t\t<\/div>\n\t\t\t\t<\/div>\n\t\t\t\t<div class=\"elementor-element elementor-element-be8e6ab elementor-widget elementor-widget-text-editor\" data-id=\"be8e6ab\" data-element_type=\"widget\" data-settings=\"{&quot;ekit_we_effect_on&quot;:&quot;none&quot;}\" data-widget_type=\"text-editor.default\">\n\t\t\t\t<div class=\"elementor-widget-container\">\n\t\t\t\t\t\t\t\t\t<p>contact@photovoltsolutions.com<\/p>\t\t\t\t\t\t\t\t<\/div>\n\t\t\t\t<\/div>\n\t\t\t\t<\/div>\n\t\t\t\t<\/div>\n\t\t\t\t<\/div>\n\t\t<div class=\"elementor-element elementor-element-72ed56b e-con-full e-flex elementor-invisible e-con e-child\" data-id=\"72ed56b\" data-element_type=\"container\" data-settings=\"{&quot;background_background&quot;:&quot;classic&quot;,&quot;animation&quot;:&quot;fadeInUp&quot;}\">\n\t\t<div class=\"elementor-element elementor-element-88ae5dd e-con-full e-flex e-con e-child\" data-id=\"88ae5dd\" data-element_type=\"container\">\n\t\t\t\t<div class=\"elementor-element elementor-element-841b06f solor-heading-animation solor-animation-heading-style-2 elementor-widget elementor-widget-heading\" data-id=\"841b06f\" data-element_type=\"widget\" data-settings=\"{&quot;ekit_we_effect_on&quot;:&quot;none&quot;}\" data-widget_type=\"heading.default\">\n\t\t\t\t<div class=\"elementor-widget-container\">\n\t\t\t\t\t<h3 class=\"elementor-heading-title elementor-size-default\">Want to go green?  <br>Contact us for more information or a free quote.\n<\/h3>\t\t\t\t<\/div>\n\t\t\t\t<\/div>\n\t\t\t\t<\/div>\n\t\t\t\t<div class=\"elementor-element elementor-element-648578d elementor-widget elementor-widget-elementskit-contact-form7\" data-id=\"648578d\" data-element_type=\"widget\" data-settings=\"{&quot;ekit_we_effect_on&quot;:&quot;none&quot;}\" data-widget_type=\"elementskit-contact-form7.default\">\n\t\t\t\t<div class=\"elementor-widget-container\">\n\t\t\t\t\t<div class=\"ekit-wid-con\" ><div class=\"ekit-form\">\n<div class=\"wpcf7 no-js\" id=\"wpcf7-f12161-o1\" lang=\"en-US\" dir=\"ltr\" data-wpcf7-id=\"12161\">\n<div class=\"screen-reader-response\"><p role=\"status\" aria-live=\"polite\" aria-atomic=\"true\"><\/p> <ul><\/ul><\/div>\n<form action=\"\/en\/wp-json\/wp\/v2\/pages\/12495#wpcf7-f12161-o1\" method=\"post\" class=\"wpcf7-form init\" aria-label=\"Contact form\" enctype=\"multipart\/form-data\" novalidate=\"novalidate\" data-status=\"init\">\n<div style=\"display: none;\">\n<input type=\"hidden\" name=\"_wpcf7\" value=\"12161\" \/>\n<input type=\"hidden\" name=\"_wpcf7_version\" value=\"6.0.6\" \/>\n<input type=\"hidden\" name=\"_wpcf7_locale\" value=\"en_US\" \/>\n<input type=\"hidden\" name=\"_wpcf7_unit_tag\" value=\"wpcf7-f12161-o1\" \/>\n<input type=\"hidden\" name=\"_wpcf7_container_post\" value=\"0\" \/>\n<input type=\"hidden\" name=\"_wpcf7_posted_data_hash\" value=\"\" \/>\n<input type=\"hidden\" name=\"_wpcf7cf_hidden_group_fields\" value=\"[]\" \/>\n<input type=\"hidden\" name=\"_wpcf7cf_hidden_groups\" value=\"[]\" \/>\n<input type=\"hidden\" name=\"_wpcf7cf_visible_groups\" value=\"[]\" \/>\n<input type=\"hidden\" name=\"_wpcf7cf_repeaters\" value=\"[]\" \/>\n<input type=\"hidden\" name=\"_wpcf7cf_steps\" value=\"{}\" \/>\n<input type=\"hidden\" name=\"_wpcf7cf_options\" value=\"{&quot;form_id&quot;:12161,&quot;conditions&quot;:[],&quot;settings&quot;:{&quot;animation&quot;:&quot;yes&quot;,&quot;animation_intime&quot;:200,&quot;animation_outtime&quot;:200,&quot;conditions_ui&quot;:&quot;normal&quot;,&quot;notice_dismissed&quot;:false}}\" \/>\n<\/div>\n<div class=\"contact-form\">\n\t<div class=\"row\">\n\t\t<div class=\"form-group col-md-6 mb-4\">\n\t\t\t<p><span class=\"wpcf7-form-control-wrap\" data-name=\"first\"><input size=\"40\" maxlength=\"400\" class=\"wpcf7-form-control wpcf7-text wpcf7-validates-as-required form-control\" id=\"name\" aria-required=\"true\" aria-invalid=\"false\" placeholder=\"Forename*\" value=\"\" type=\"text\" name=\"first\" \/><\/span>\n\t\t\t<\/p>\n\t\t<\/div>\n\t\t<div class=\"form-group col-md-6 mb-4\">\n\t\t\t<p><span class=\"wpcf7-form-control-wrap\" data-name=\"name\"><input size=\"40\" maxlength=\"400\" class=\"wpcf7-form-control wpcf7-text wpcf7-validates-as-required form-control\" id=\"name2\" aria-required=\"true\" aria-invalid=\"false\" placeholder=\"Name*\" value=\"\" type=\"text\" name=\"name\" \/><\/span>\n\t\t\t<\/p>\n\t\t<\/div>\n\t\t<div class=\"form-group col-md-6 mb-4\">\n\t\t\t<p><span class=\"wpcf7-form-control-wrap\" data-name=\"tel\"><input size=\"40\" maxlength=\"400\" class=\"wpcf7-form-control wpcf7-tel wpcf7-validates-as-required wpcf7-text wpcf7-validates-as-tel\" autocomplete=\"tel\" aria-required=\"true\" aria-invalid=\"false\" placeholder=\"Telephone*\" value=\"\" type=\"tel\" name=\"tel\" \/><\/span>\n\t\t\t<\/p>\n\t\t<\/div>\n\t\t<div class=\"form-group col-md-6 mb-4\">\n\t\t\t<p><span class=\"wpcf7-form-control-wrap\" data-name=\"Email\"><input size=\"40\" maxlength=\"400\" class=\"wpcf7-form-control wpcf7-email wpcf7-validates-as-required wpcf7-text wpcf7-validates-as-email form-control\" id=\"email\" aria-required=\"true\" aria-invalid=\"false\" placeholder=\"Email*\" value=\"\" type=\"email\" name=\"Email\" \/><\/span>\n\t\t\t<\/p>\n\t\t<\/div>\n\t\t<div class=\"form-group col-md-12 mb-4\">\n\t\t\t<p>Object*<br \/>\n<span class=\"wpcf7-form-control-wrap\" data-name=\"objet-982\"><select class=\"wpcf7-form-control wpcf7-select\" aria-invalid=\"false\" name=\"objet-982\"><option value=\"Request information\">Request information<\/option><option value=\"Request a quote\">Request a quote<\/option><option value=\"Claim\">Claim<\/option><\/select><\/span>\n\t\t\t<\/p>\n\t\t<\/div>\n\t\t<div data-id=\"group-information\" data-orig_data_id=\"group-information\" data-clear_on_hide data-class=\"wpcf7cf_group\">\n\t\t\t<div class=\"form-group col-md-12 mb-4\">\n\t\t\t\t<p>Need more information?*<br \/>\n<span class=\"wpcf7-form-control-wrap\" data-name=\"probleme-888\"><textarea cols=\"40\" rows=\"10\" maxlength=\"2000\" class=\"wpcf7-form-control wpcf7-textarea wpcf7-validates-as-required form-control\" id=\"msg\" aria-required=\"true\" aria-invalid=\"false\" placeholder=\"Fill in your questions in the form, and our team will get back to you quickly.\" name=\"probleme-888\"><\/textarea><\/span>\n\t\t\t\t<\/p>\n\t\t\t<\/div>\n\t\t\t<div class=\"form-group col-md-12 text-align-center\">\n\t\t\t\t<p><input class=\"wpcf7-form-control wpcf7-submit has-spinner form-btn\" id=\"msgSubmit\" type=\"submit\" value=\"To submit\" \/>\n\t\t\t\t<\/p>\n\t\t\t<\/div>\n\t\t<\/div>\n\t\t<div data-id=\"group-devis\" data-orig_data_id=\"group-devis\" data-clear_on_hide data-class=\"wpcf7cf_group\">\n\t\t\t<div class=\"form-group col-md-12 mb-4\">\n\t\t\t\t<p>Choose one or more services*<br \/>\n<span class=\"wpcf7-form-control-wrap\" data-name=\"checkboxservices-783\"><span class=\"wpcf7-form-control wpcf7-checkbox\"><span class=\"wpcf7-list-item first\"><label><input type=\"checkbox\" name=\"checkboxservices-783[]\" value=\"Feasibility\" \/><span class=\"wpcf7-list-item-label\">Feasibility<\/span><\/label><\/span><span class=\"wpcf7-list-item\"><label><input type=\"checkbox\" name=\"checkboxservices-783[]\" value=\"studies Administrative assistance\" \/><span class=\"wpcf7-list-item-label\">studies Administrative assistance<\/span><\/label><\/span><span class=\"wpcf7-list-item\"><label><input type=\"checkbox\" name=\"checkboxservices-783[]\" value=\"Installation &amp; connection\" \/><span class=\"wpcf7-list-item-label\">Installation &amp; connection<\/span><\/label><\/span><span class=\"wpcf7-list-item last\"><label><input type=\"checkbox\" name=\"checkboxservices-783[]\" value=\"Maintenance and after-sales service\" \/><span class=\"wpcf7-list-item-label\">Maintenance and after-sales service<\/span><\/label><\/span><\/span><\/span>\n\t\t\t\t<\/p>\n\t\t\t<\/div>\n\t\t\t<div class=\"form-group col-md-12 text-align-center\">\n\t\t\t\t<p><input class=\"wpcf7-form-control wpcf7-submit has-spinner form-btn\" type=\"submit\" value=\"To submit\" \/>\n\t\t\t\t<\/p>\n\t\t\t<\/div>\n\t\t<\/div>\n\t\t<div data-id=\"group-reclamation\" data-orig_data_id=\"group-reclamation\" data-clear_on_hide data-class=\"wpcf7cf_group\">\n\t\t\t<div class=\"form-group col-md-12 mb-4\">\n\t\t\t\t<p>Problem Description*<br \/>\n<span class=\"wpcf7-form-control-wrap\" data-name=\"probleme-886\"><textarea cols=\"40\" rows=\"10\" maxlength=\"2000\" class=\"wpcf7-form-control wpcf7-textarea wpcf7-validates-as-required form-control\" aria-required=\"true\" aria-invalid=\"false\" placeholder=\"Describe your problem\" name=\"probleme-886\"><\/textarea><\/span>\n\t\t\t\t<\/p>\n\t\t\t<\/div>\n\t\t\t<div class=\"form-group col-md-12 mb-4\">\n\t\t\t\t<p>Attach evidence (documents, photos, etc.)<br \/>\n<span class=\"wpcf7-form-control-wrap\" data-name=\"file-49\"><input size=\"40\" class=\"wpcf7-form-control wpcf7-file wpcf7-validates-as-required\" accept=\"video\/*,image\/*,application\/pdf,application\/msword\" aria-required=\"true\" aria-invalid=\"false\" type=\"file\" name=\"file-49\" \/><\/span>\n\t\t\t\t<\/p>\n\t\t\t<\/div>\n\t\t\t<div class=\"form-group col-md-12 text-align-center\">\n\t\t\t\t<p><input class=\"wpcf7-form-control wpcf7-submit has-spinner form-btn\" type=\"submit\" value=\"To submit\" \/>\n\t\t\t\t<\/p>\n\t\t\t<\/div>\n\t\t<\/div>\n\t<\/div>\n<\/div><div class=\"wpcf7-response-output\" aria-hidden=\"true\"><\/div>\n<\/form>\n<\/div>\n<\/div><\/div>\t\t\t\t<\/div>\n\t\t\t\t<\/div>\n\t\t\t\t<\/div>\n\t\t\t\t<\/div>\n\t\t\t\t\t<\/div>\n\t\t\t\t<\/div>\n\t\t<div class=\"elementor-element elementor-element-c513d22 e-con-full e-flex e-con e-parent\" data-id=\"c513d22\" data-element_type=\"container\">\n\t\t\t\t<div class=\"elementor-element elementor-element-4777c73 elementor-widget__width-inherit elementor-widget elementor-widget-google_maps\" data-id=\"4777c73\" data-element_type=\"widget\" data-settings=\"{&quot;ekit_we_effect_on&quot;:&quot;none&quot;}\" data-widget_type=\"google_maps.default\">\n\t\t\t\t<div class=\"elementor-widget-container\">\n\t\t\t\t\t\t\t<div class=\"elementor-custom-embed\">\n\t\t\t<iframe loading=\"lazy\"\n\t\t\t\t\tsrc=\"https:\/\/maps.google.com\/maps?q=15%20Av.%20De%20Carthage%2C%20Tunis%201000&#038;t=m&#038;z=15&#038;output=embed&#038;iwloc=near\"\n\t\t\t\t\ttitle=\"15 Av. De Carthage, Tunis 1000\"\n\t\t\t\t\taria-label=\"15 Av. De Carthage, Tunis 1000\"\n\t\t\t><\/iframe>\n\t\t<\/div>\n\t\t\t\t\t\t<\/div>\n\t\t\t\t<\/div>\n\t\t\t\t<\/div>\n\t\t\t\t<\/div>\n\t\t","protected":false},"excerpt":{"rendered":"<p>Contact Telephone: (+216) 56 276 101(+216) 31 342 000 Email: contact@photovoltsolutions.com Want to go green? Contact us for more information or a free quote. Objet* Demande d\u2019informationsDemande de devisR\u00e9clamation Besoin de pr\u00e9cisions ?* Choisiseez une ou plusieurs prestations* Etudes de faisabilit\u00e9Assistance administrativeInstallation &amp; raccordementMaintenance et SAV Description du probl\u00e8me* Joindre des preuves (documents, photos, etc.)<\/p>\n","protected":false},"author":1,"featured_media":0,"parent":0,"menu_order":0,"comment_status":"closed","ping_status":"closed","template":"elementor_header_footer","meta":{"footnotes":""},"class_list":["post-12495","page","type-page","status-publish","hentry"],"_links":{"self":[{"href":"https:\/\/photovoltsolutions.com\/en\/wp-json\/wp\/v2\/pages\/12495","targetHints":{"allow":["GET"]}}],"collection":[{"href":"https:\/\/photovoltsolutions.com\/en\/wp-json\/wp\/v2\/pages"}],"about":[{"href":"https:\/\/photovoltsolutions.com\/en\/wp-json\/wp\/v2\/types\/page"}],"author":[{"embeddable":true,"href":"https:\/\/photovoltsolutions.com\/en\/wp-json\/wp\/v2\/users\/1"}],"replies":[{"embeddable":true,"href":"https:\/\/photovoltsolutions.com\/en\/wp-json\/wp\/v2\/comments?post=12495"}],"version-history":[{"count":1,"href":"https:\/\/photovoltsolutions.com\/en\/wp-json\/wp\/v2\/pages\/12495\/revisions"}],"predecessor-version":[{"id":12496,"href":"https:\/\/photovoltsolutions.com\/en\/wp-json\/wp\/v2\/pages\/12495\/revisions\/12496"}],"wp:attachment":[{"href":"https:\/\/photovoltsolutions.com\/en\/wp-json\/wp\/v2\/media?parent=12495"}],"curies":[{"name":"wp","href":"https:\/\/api.w.org\/{rel}","templated":true}]}}