{"id":12503,"date":"2024-03-18T11:12:10","date_gmt":"2024-03-18T11:12:10","guid":{"rendered":"https:\/\/photovoltsolutions.com\/%d8%a7%d9%84%d8%a7%d8%aa%d8%b5%d8%a7%d9%84\/"},"modified":"2025-08-12T14:24:24","modified_gmt":"2025-08-12T14:24:24","slug":"%d8%a7%d9%84%d8%a7%d8%aa%d8%b5%d8%a7%d9%84","status":"publish","type":"page","link":"https:\/\/photovoltsolutions.com\/ar\/%d8%a7%d9%84%d8%a7%d8%aa%d8%b5%d8%a7%d9%84\/","title":{"rendered":"\u0627\u0644\u0627\u062a\u0635\u0627\u0644"},"content":{"rendered":"\t\t<div data-elementor-type=\"wp-page\" data-elementor-id=\"12503\" class=\"elementor elementor-12503 elementor-4310\" data-elementor-post-type=\"page\">\n\t\t\t\t<div class=\"elementor-element elementor-element-3605c73 parallaxie e-flex e-con-boxed e-con e-parent\" data-id=\"3605c73\" data-element_type=\"container\" data-settings=\"{&quot;background_background&quot;:&quot;classic&quot;,&quot;ekit_section_parallax_bg&quot;:&quot;yes&quot;,&quot;ekit_section_parallax_bg_speed&quot;:0.4}\">\n\t\t\t\t\t<div class=\"e-con-inner\">\n\t\t<div class=\"elementor-element elementor-element-2ac7459 e-con-full e-flex e-con e-child\" data-id=\"2ac7459\" data-element_type=\"container\">\n\t\t\t\t<div class=\"elementor-element elementor-element-d43f6f0 elementor-hidden-desktop elementor-hidden-tablet elementor-widget elementor-widget-spacer\" data-id=\"d43f6f0\" data-element_type=\"widget\" data-settings=\"{&quot;ekit_we_effect_on&quot;:&quot;none&quot;}\" data-widget_type=\"spacer.default\">\n\t\t\t\t<div class=\"elementor-widget-container\">\n\t\t\t\t\t\t\t<div class=\"elementor-spacer\">\n\t\t\t<div class=\"elementor-spacer-inner\"><\/div>\n\t\t<\/div>\n\t\t\t\t\t\t<\/div>\n\t\t\t\t<\/div>\n\t\t\t\t<div class=\"elementor-element elementor-element-fb0aa9e solor-heading-animation solor-animation-heading-none elementor-widget elementor-widget-heading\" data-id=\"fb0aa9e\" data-element_type=\"widget\" data-settings=\"{&quot;ekit_we_effect_on&quot;:&quot;none&quot;}\" data-widget_type=\"heading.default\">\n\t\t\t\t<div class=\"elementor-widget-container\">\n\t\t\t\t\t<h2 class=\"elementor-heading-title elementor-size-default\">\u0627\u062a\u0635\u0644 \u0628\u0646\u0627<\/h2>\t\t\t\t<\/div>\n\t\t\t\t<\/div>\n\t\t\t\t<\/div>\n\t\t\t\t\t<\/div>\n\t\t\t\t<\/div>\n\t\t<div class=\"elementor-element elementor-element-4fc019d e-flex e-con-boxed e-con e-parent\" data-id=\"4fc019d\" data-element_type=\"container\">\n\t\t\t\t\t<div class=\"e-con-inner\">\n\t\t<div class=\"elementor-element elementor-element-0fd0192 e-con-full e-flex e-con e-child\" data-id=\"0fd0192\" data-element_type=\"container\">\n\t\t<div class=\"elementor-element elementor-element-f31ac08 e-con-full e-flex elementor-invisible e-con e-child\" data-id=\"f31ac08\" data-element_type=\"container\" data-settings=\"{&quot;background_background&quot;:&quot;classic&quot;,&quot;animation&quot;:&quot;fadeInUp&quot;}\">\n\t\t<div class=\"elementor-element elementor-element-84c2787 e-con-full e-flex e-con e-child\" data-id=\"84c2787\" data-element_type=\"container\">\n\t\t<div class=\"elementor-element elementor-element-0fd72ca e-con-full elementor-hidden-mobile e-flex e-con e-child\" data-id=\"0fd72ca\" data-element_type=\"container\">\n\t\t\t\t<\/div>\n\t\t<div class=\"elementor-element elementor-element-b574b6d e-con-full e-flex e-con e-child\" data-id=\"b574b6d\" data-element_type=\"container\">\n\t\t\t\t<div class=\"elementor-element elementor-element-ebfc3af elementor-view-stacked elementor-shape-rounded elementor-widget elementor-widget-icon\" data-id=\"ebfc3af\" data-element_type=\"widget\" data-settings=\"{&quot;ekit_we_effect_on&quot;:&quot;none&quot;}\" data-widget_type=\"icon.default\">\n\t\t\t\t<div class=\"elementor-widget-container\">\n\t\t\t\t\t\t\t<div class=\"elementor-icon-wrapper\">\n\t\t\t<div class=\"elementor-icon\">\n\t\t\t<i aria-hidden=\"true\" class=\"fas fa-phone\"><\/i>\t\t\t<\/div>\n\t\t<\/div>\n\t\t\t\t\t\t<\/div>\n\t\t\t\t<\/div>\n\t\t\t\t<\/div>\n\t\t<div class=\"elementor-element elementor-element-5616c95 e-con-full e-flex e-con e-child\" data-id=\"5616c95\" data-element_type=\"container\">\n\t\t\t\t<div class=\"elementor-element elementor-element-d4fea57 elementor-view-stacked elementor-shape-rounded elementor-widget elementor-widget-icon\" data-id=\"d4fea57\" data-element_type=\"widget\" data-settings=\"{&quot;ekit_we_effect_on&quot;:&quot;none&quot;}\" data-widget_type=\"icon.default\">\n\t\t\t\t<div class=\"elementor-widget-container\">\n\t\t\t\t\t\t\t<div class=\"elementor-icon-wrapper\">\n\t\t\t<div class=\"elementor-icon\">\n\t\t\t<i aria-hidden=\"true\" class=\"fas fa-envelope\"><\/i>\t\t\t<\/div>\n\t\t<\/div>\n\t\t\t\t\t\t<\/div>\n\t\t\t\t<\/div>\n\t\t\t\t<\/div>\n\t\t\t\t<\/div>\n\t\t<div class=\"elementor-element elementor-element-472f2a8 e-con-full e-flex e-con e-child\" data-id=\"472f2a8\" data-element_type=\"container\">\n\t\t<div class=\"elementor-element elementor-element-fdc748a e-con-full e-flex e-con e-child\" data-id=\"fdc748a\" data-element_type=\"container\" data-settings=\"{&quot;background_background&quot;:&quot;classic&quot;}\">\n\t\t\t\t<div class=\"elementor-element elementor-element-27c0fe2 elementor-widget elementor-widget-text-editor\" data-id=\"27c0fe2\" data-element_type=\"widget\" data-settings=\"{&quot;ekit_we_effect_on&quot;:&quot;none&quot;}\" data-widget_type=\"text-editor.default\">\n\t\t\t\t<div class=\"elementor-widget-container\">\n\t\t\t\t\t\t\t\t\t<p><span style=\"font-weight: 400;\">\u0627\u0644\u0647\u0627\u062a\u0641<\/span>:<\/p>\t\t\t\t\t\t\t\t<\/div>\n\t\t\t\t<\/div>\n\t\t\t\t<div class=\"elementor-element elementor-element-ee3d186 elementor-widget elementor-widget-text-editor\" data-id=\"ee3d186\" data-element_type=\"widget\" data-settings=\"{&quot;ekit_we_effect_on&quot;:&quot;none&quot;}\" data-widget_type=\"text-editor.default\">\n\t\t\t\t<div class=\"elementor-widget-container\">\n\t\t\t\t\t\t\t\t\t<p>(+216) 56 276 101<br \/>(+216) 31 342 000<\/p>\t\t\t\t\t\t\t\t<\/div>\n\t\t\t\t<\/div>\n\t\t\t\t<div class=\"elementor-element elementor-element-7675e92 elementor-widget elementor-widget-text-editor\" data-id=\"7675e92\" data-element_type=\"widget\" data-settings=\"{&quot;ekit_we_effect_on&quot;:&quot;none&quot;}\" data-widget_type=\"text-editor.default\">\n\t\t\t\t<div class=\"elementor-widget-container\">\n\t\t\t\t\t\t\t\t\t<p>\u0627\u0644\u0628\u0631\u064a\u062f \u0627\u0644\u0625\u0644\u0643\u062a\u0631\u0648\u0646\u064a:<\/p>\t\t\t\t\t\t\t\t<\/div>\n\t\t\t\t<\/div>\n\t\t\t\t<div class=\"elementor-element elementor-element-be8e6ab elementor-widget elementor-widget-text-editor\" data-id=\"be8e6ab\" data-element_type=\"widget\" data-settings=\"{&quot;ekit_we_effect_on&quot;:&quot;none&quot;}\" data-widget_type=\"text-editor.default\">\n\t\t\t\t<div class=\"elementor-widget-container\">\n\t\t\t\t\t\t\t\t\t<p>contact@photovoltsolutions.com<\/p>\t\t\t\t\t\t\t\t<\/div>\n\t\t\t\t<\/div>\n\t\t\t\t<\/div>\n\t\t\t\t<\/div>\n\t\t\t\t<\/div>\n\t\t<div class=\"elementor-element elementor-element-72ed56b e-con-full e-flex elementor-invisible e-con e-child\" data-id=\"72ed56b\" data-element_type=\"container\" data-settings=\"{&quot;background_background&quot;:&quot;classic&quot;,&quot;animation&quot;:&quot;fadeInUp&quot;}\">\n\t\t<div class=\"elementor-element elementor-element-88ae5dd e-con-full e-flex e-con e-child\" data-id=\"88ae5dd\" data-element_type=\"container\">\n\t\t\t\t<div class=\"elementor-element elementor-element-bc6cab5 solor-heading-animation solor-animation-heading-none elementor-widget elementor-widget-heading\" data-id=\"bc6cab5\" data-element_type=\"widget\" data-settings=\"{&quot;ekit_we_effect_on&quot;:&quot;none&quot;}\" data-widget_type=\"heading.default\">\n\t\t\t\t<div class=\"elementor-widget-container\">\n\t\t\t\t\t<h2 class=\"elementor-heading-title elementor-size-default\">\u0647\u0644 \u062a\u0631\u063a\u0628 \u0641\u064a \u0627\u0644\u062a\u062d\u0648\u0651\u0644 \u0625\u0644\u0649 \u0627\u0644\u0637\u0627\u0642\u0629 \u0627\u0644\u062e\u0636\u0631\u0627\u0621\u061f  <br>\u0627\u062a\u0635\u0644 \u0628\u0646\u0627 \u0644\u0645\u0632\u064a\u062f \u0645\u0646  \u0627\u0644\u0645\u0639\u0644\u0648\u0645\u0627\u062a \u0623\u0648 \u0644\u0644\u062d\u0635\u0648\u0644 \u0639\u0644\u0649 \u0639\u0631\u0636 \u0645\u062c\u0627\u0646\u064a<\/h2>\t\t\t\t<\/div>\n\t\t\t\t<\/div>\n\t\t\t\t<\/div>\n\t\t\t\t<div class=\"elementor-element elementor-element-648578d elementor-widget elementor-widget-elementskit-contact-form7\" data-id=\"648578d\" data-element_type=\"widget\" data-settings=\"{&quot;ekit_we_effect_on&quot;:&quot;none&quot;}\" data-widget_type=\"elementskit-contact-form7.default\">\n\t\t\t\t<div class=\"elementor-widget-container\">\n\t\t\t\t\t<div class=\"ekit-wid-con\" ><div class=\"ekit-form\">\n<div class=\"wpcf7 no-js\" id=\"wpcf7-f12080-o1\" lang=\"ar\" dir=\"rtl\" data-wpcf7-id=\"12080\">\n<div class=\"screen-reader-response\"><p role=\"status\" aria-live=\"polite\" aria-atomic=\"true\"><\/p> <ul><\/ul><\/div>\n<form action=\"\/ar\/wp-json\/wp\/v2\/pages\/12503#wpcf7-f12080-o1\" method=\"post\" class=\"wpcf7-form init\" aria-label=\"\u0646\u0645\u0648\u0630\u062c \u0627\u0644\u0627\u062a\u0635\u0627\u0644\" enctype=\"multipart\/form-data\" novalidate=\"novalidate\" data-status=\"init\">\n<div style=\"display: none;\">\n<input type=\"hidden\" name=\"_wpcf7\" value=\"12080\" \/>\n<input type=\"hidden\" name=\"_wpcf7_version\" value=\"6.0.6\" \/>\n<input type=\"hidden\" name=\"_wpcf7_locale\" value=\"ar\" \/>\n<input type=\"hidden\" name=\"_wpcf7_unit_tag\" value=\"wpcf7-f12080-o1\" \/>\n<input type=\"hidden\" name=\"_wpcf7_container_post\" value=\"0\" \/>\n<input type=\"hidden\" name=\"_wpcf7_posted_data_hash\" value=\"\" \/>\n<input type=\"hidden\" name=\"_wpcf7cf_hidden_group_fields\" value=\"[]\" \/>\n<input type=\"hidden\" name=\"_wpcf7cf_hidden_groups\" value=\"[]\" \/>\n<input type=\"hidden\" name=\"_wpcf7cf_visible_groups\" value=\"[]\" \/>\n<input type=\"hidden\" name=\"_wpcf7cf_repeaters\" value=\"[]\" \/>\n<input type=\"hidden\" name=\"_wpcf7cf_steps\" value=\"{}\" \/>\n<input type=\"hidden\" name=\"_wpcf7cf_options\" value=\"{&quot;form_id&quot;:12080,&quot;conditions&quot;:[{&quot;then_field&quot;:&quot;group-information&quot;,&quot;and_rules&quot;:[{&quot;if_field&quot;:&quot;objet-982&quot;,&quot;operator&quot;:&quot;equals&quot;,&quot;if_value&quot;:&quot;\\u0637\\u0644\\u0628 \\u0645\\u0639\\u0644\\u0648\\u0645\\u0627\\u062a&quot;}]},{&quot;then_field&quot;:&quot;group-reclamation&quot;,&quot;and_rules&quot;:[{&quot;if_field&quot;:&quot;objet-982&quot;,&quot;operator&quot;:&quot;equals&quot;,&quot;if_value&quot;:&quot;\\u0634\\u0643\\u0648\\u0649&quot;}]},{&quot;then_field&quot;:&quot;group-devis&quot;,&quot;and_rules&quot;:[{&quot;if_field&quot;:&quot;objet-982&quot;,&quot;operator&quot;:&quot;equals&quot;,&quot;if_value&quot;:&quot;\\u0637\\u0644\\u0628 \\u0639\\u0631\\u0636 \\u0633\\u0639\\u0631&quot;}]}],&quot;settings&quot;:{&quot;animation&quot;:&quot;yes&quot;,&quot;animation_intime&quot;:200,&quot;animation_outtime&quot;:200,&quot;conditions_ui&quot;:&quot;normal&quot;,&quot;notice_dismissed&quot;:false}}\" \/>\n<\/div>\n<div class=\"contact-form\">\n\t<div class=\"row\">\n\t\t<div class=\"form-group col-md-6 mb-4\">\n\t\t\t<p><span class=\"wpcf7-form-control-wrap\" data-name=\"prenom\"><input size=\"40\" maxlength=\"400\" class=\"wpcf7-form-control wpcf7-text wpcf7-validates-as-required form-control\" id=\"name\" aria-required=\"true\" aria-invalid=\"false\" placeholder=\"\u0627\u0644\u0627\u0633\u0645*\" value=\"\" type=\"text\" name=\"prenom\" \/><\/span>\n\t\t\t<\/p>\n\t\t<\/div>\n\t\t<div class=\"form-group col-md-6 mb-4\">\n\t\t\t<p><span class=\"wpcf7-form-control-wrap\" data-name=\"nom\"><input size=\"40\" maxlength=\"400\" class=\"wpcf7-form-control wpcf7-text wpcf7-validates-as-required form-control\" id=\"name2\" aria-required=\"true\" aria-invalid=\"false\" placeholder=\"\u0627\u0644\u0644\u0642\u0628*\" value=\"\" type=\"text\" name=\"nom\" \/><\/span>\n\t\t\t<\/p>\n\t\t<\/div>\n\t\t<div class=\"form-group col-md-6 mb-4\">\n\t\t\t<p><span class=\"wpcf7-form-control-wrap\" data-name=\"tel\"><input size=\"40\" maxlength=\"400\" class=\"wpcf7-form-control wpcf7-tel wpcf7-validates-as-required wpcf7-text wpcf7-validates-as-tel\" autocomplete=\"tel\" aria-required=\"true\" aria-invalid=\"false\" placeholder=\"\u0631\u0642\u0645 \u0627\u0644\u0647\u0627\u062a\u0641*\" value=\"\" type=\"tel\" name=\"tel\" \/><\/span>\n\t\t\t<\/p>\n\t\t<\/div>\n\t\t<div class=\"form-group col-md-6 mb-4\">\n\t\t\t<p><span class=\"wpcf7-form-control-wrap\" data-name=\"Email\"><input size=\"40\" maxlength=\"400\" class=\"wpcf7-form-control wpcf7-email wpcf7-validates-as-required wpcf7-text wpcf7-validates-as-email form-control\" id=\"email\" aria-required=\"true\" aria-invalid=\"false\" placeholder=\"\u0627\u0644\u0628\u0631\u064a\u062f \u0627\u0644\u0625\u0644\u0643\u062a\u0631\u0648\u0646\u064a*\" value=\"\" type=\"email\" name=\"Email\" \/><\/span>\n\t\t\t<\/p>\n\t\t<\/div>\n\t\t<div class=\"form-group col-md-12 mb-4\">\n\t\t\t<p>\u0627\u0644\u0645\u0648\u0636\u0648\u0639*<br \/>\n<span class=\"wpcf7-form-control-wrap\" data-name=\"objet-982\"><select class=\"wpcf7-form-control wpcf7-select\" aria-invalid=\"false\" name=\"objet-982\"><option value=\"\u0637\u0644\u0628 \u0645\u0639\u0644\u0648\u0645\u0627\u062a\">\u0637\u0644\u0628 \u0645\u0639\u0644\u0648\u0645\u0627\u062a<\/option><option value=\"\u0637\u0644\u0628 \u0639\u0631\u0636 \u0633\u0639\u0631\">\u0637\u0644\u0628 \u0639\u0631\u0636 \u0633\u0639\u0631<\/option><option value=\"\u0634\u0643\u0648\u0649\">\u0634\u0643\u0648\u0649<\/option><\/select><\/span>\n\t\t\t<\/p>\n\t\t<\/div>\n\t\t<div data-id=\"group-information\" data-orig_data_id=\"group-information\" data-clear_on_hide data-class=\"wpcf7cf_group\">\n\t\t\t<div class=\"form-group col-md-12 mb-4\">\n\t\t\t\t<p>\u0647\u0644 \u062a\u062d\u062a\u0627\u062c \u0625\u0644\u0649 \u062a\u0648\u0636\u064a\u062d\u0627\u062a\u061f*<br \/>\n<span class=\"wpcf7-form-control-wrap\" data-name=\"probleme-888\"><textarea cols=\"40\" rows=\"10\" maxlength=\"2000\" class=\"wpcf7-form-control wpcf7-textarea wpcf7-validates-as-required form-control\" id=\"msg\" aria-required=\"true\" aria-invalid=\"false\" placeholder=\"\u0627\u0644\u0631\u062c\u0627\u0621 \u0643\u062a\u0627\u0628\u0629 \u0623\u0633\u0626\u0644\u062a\u0643\u0645 \u0641\u064a \u0627\u0644\u0646\u0645\u0648\u0630\u062c\u060c \u0648\u0633\u064a\u0642\u0648\u0645 \u0641\u0631\u064a\u0642\u0646\u0627 \u0628\u0627\u0644\u0631\u062f \u0639\u0644\u064a\u0643\u0645 \u0641\u064a \u0623\u0642\u0631\u0628 \u0648\u0642\u062a.\" name=\"probleme-888\"><\/textarea><\/span>\n\t\t\t\t<\/p>\n\t\t\t<\/div>\n\t\t\t<div class=\"form-group col-md-12 text-align-center\">\n\t\t\t\t<p><input class=\"wpcf7-form-control wpcf7-submit has-spinner form-btn\" id=\"msgSubmit\" type=\"submit\" value=\"Soumettre\" \/>\n\t\t\t\t<\/p>\n\t\t\t<\/div>\n\t\t<\/div>\n\t\t<div data-id=\"group-devis\" data-orig_data_id=\"group-devis\" data-clear_on_hide data-class=\"wpcf7cf_group\">\n\t\t\t<div class=\"form-group col-md-12 mb-4\">\n\t\t\t\t<p>Choisiseez une ou plusieurs prestations*\n\t\t\t\t<\/p>\n\t\t\t\t<p><span class=\"wpcf7-form-control-wrap\" data-name=\"checkboxservices-783\"><span class=\"wpcf7-form-control wpcf7-checkbox\"><span class=\"wpcf7-list-item first\"><label><input type=\"checkbox\" name=\"checkboxservices-783[]\" value=\"Etudes de faisabilit\u00e9\" \/><span class=\"wpcf7-list-item-label\">Etudes de faisabilit\u00e9<\/span><\/label><\/span><span class=\"wpcf7-list-item\"><label><input type=\"checkbox\" name=\"checkboxservices-783[]\" value=\"Assistance administrative\" \/><span class=\"wpcf7-list-item-label\">Assistance administrative<\/span><\/label><\/span><span class=\"wpcf7-list-item\"><label><input type=\"checkbox\" name=\"checkboxservices-783[]\" value=\"Installation &amp; raccordement\" \/><span class=\"wpcf7-list-item-label\">Installation &amp; raccordement<\/span><\/label><\/span><span class=\"wpcf7-list-item last\"><label><input type=\"checkbox\" name=\"checkboxservices-783[]\" value=\"Maintenance et SAV\" \/><span class=\"wpcf7-list-item-label\">Maintenance et SAV<\/span><\/label><\/span><\/span><\/span>\n\t\t\t\t<\/p>\n\t\t\t<\/div>\n\t\t\t<div class=\"form-group col-md-12 text-align-center\">\n\t\t\t\t<p><input class=\"wpcf7-form-control wpcf7-submit has-spinner form-btn\" type=\"submit\" value=\"Soumettre\" \/>\n\t\t\t\t<\/p>\n\t\t\t<\/div>\n\t\t<\/div>\n\t\t<div data-id=\"group-reclamation\" data-orig_data_id=\"group-reclamation\" data-clear_on_hide data-class=\"wpcf7cf_group\">\n\t\t\t<div class=\"form-group col-md-12 mb-4\">\n\t\t\t\t<p>Description du probl\u00e8me*<br \/>\n<span class=\"wpcf7-form-control-wrap\" data-name=\"probleme-886\"><textarea cols=\"40\" rows=\"10\" maxlength=\"2000\" class=\"wpcf7-form-control wpcf7-textarea wpcf7-validates-as-required form-control\" aria-required=\"true\" aria-invalid=\"false\" placeholder=\"D\u00e9crivez votre probl\u00e8me\" name=\"probleme-886\"><\/textarea><\/span>\n\t\t\t\t<\/p>\n\t\t\t<\/div>\n\t\t\t<div class=\"form-group col-md-12 mb-4\">\n\t\t\t\t<p>Joindre des preuves (documents, photos, etc.)<br \/>\n<span class=\"wpcf7-form-control-wrap\" data-name=\"file-49\"><input size=\"40\" class=\"wpcf7-form-control wpcf7-file wpcf7-validates-as-required\" accept=\"video\/*,image\/*,application\/pdf,application\/msword\" aria-required=\"true\" aria-invalid=\"false\" type=\"file\" name=\"file-49\" \/><\/span>\n\t\t\t\t<\/p>\n\t\t\t<\/div>\n\t\t\t<div class=\"form-group col-md-12 text-align-center\">\n\t\t\t\t<p><input class=\"wpcf7-form-control wpcf7-submit has-spinner form-btn\" type=\"submit\" value=\"Soumettre\" \/>\n\t\t\t\t<\/p>\n\t\t\t<\/div>\n\t\t<\/div>\n\t<\/div>\n<\/div><div class=\"wpcf7-response-output\" aria-hidden=\"true\"><\/div>\n<\/form>\n<\/div>\n<\/div><\/div>\t\t\t\t<\/div>\n\t\t\t\t<\/div>\n\t\t\t\t<\/div>\n\t\t\t\t<\/div>\n\t\t\t\t\t<\/div>\n\t\t\t\t<\/div>\n\t\t<div class=\"elementor-element elementor-element-c513d22 e-con-full e-flex e-con e-parent\" data-id=\"c513d22\" data-element_type=\"container\">\n\t\t\t\t<div class=\"elementor-element elementor-element-4777c73 elementor-widget__width-inherit elementor-widget elementor-widget-google_maps\" data-id=\"4777c73\" data-element_type=\"widget\" data-settings=\"{&quot;ekit_we_effect_on&quot;:&quot;none&quot;}\" data-widget_type=\"google_maps.default\">\n\t\t\t\t<div class=\"elementor-widget-container\">\n\t\t\t\t\t\t\t<div class=\"elementor-custom-embed\">\n\t\t\t<iframe loading=\"lazy\"\n\t\t\t\t\tsrc=\"https:\/\/maps.google.com\/maps?q=15%20Av.%20De%20Carthage%2C%20Tunis%201000&#038;t=m&#038;z=15&#038;output=embed&#038;iwloc=near\"\n\t\t\t\t\ttitle=\"15 Av. De Carthage, Tunis 1000\"\n\t\t\t\t\taria-label=\"15 Av. De Carthage, Tunis 1000\"\n\t\t\t><\/iframe>\n\t\t<\/div>\n\t\t\t\t\t\t<\/div>\n\t\t\t\t<\/div>\n\t\t\t\t<\/div>\n\t\t\t\t<\/div>\n\t\t","protected":false},"excerpt":{"rendered":"<p>\u0627\u062a\u0635\u0644 \u0628\u0646\u0627 \u0627\u0644\u0647\u0627\u062a\u0641: (+216) 56 276 101(+216) 31 342 000 \u0627\u0644\u0628\u0631\u064a\u062f \u0627\u0644\u0625\u0644\u0643\u062a\u0631\u0648\u0646\u064a: contact@photovoltsolutions.com \u0647\u0644 \u062a\u0631\u063a\u0628 \u0641\u064a \u0627\u0644\u062a\u062d\u0648\u0651\u0644 \u0625\u0644\u0649 \u0627\u0644\u0637\u0627\u0642\u0629 \u0627\u0644\u062e\u0636\u0631\u0627\u0621\u061f \u0627\u062a\u0635\u0644 \u0628\u0646\u0627 \u0644\u0645\u0632\u064a\u062f \u0645\u0646 \u0627\u0644\u0645\u0639\u0644\u0648\u0645\u0627\u062a \u0623\u0648 \u0644\u0644\u062d\u0635\u0648\u0644 \u0639\u0644\u0649 \u0639\u0631\u0636 \u0645\u062c\u0627\u0646\u064a Objet* Demande d\u2019informationsDemande de devisR\u00e9clamation Besoin de pr\u00e9cisions ?* Choisiseez une ou plusieurs prestations* Etudes de faisabilit\u00e9Assistance administrativeInstallation &amp; raccordementMaintenance et SAV Description du probl\u00e8me* [&hellip;]<\/p>\n","protected":false},"author":1,"featured_media":0,"parent":0,"menu_order":0,"comment_status":"closed","ping_status":"closed","template":"elementor_header_footer","meta":{"footnotes":""},"class_list":["post-12503","page","type-page","status-publish","hentry"],"_links":{"self":[{"href":"https:\/\/photovoltsolutions.com\/ar\/wp-json\/wp\/v2\/pages\/12503","targetHints":{"allow":["GET"]}}],"collection":[{"href":"https:\/\/photovoltsolutions.com\/ar\/wp-json\/wp\/v2\/pages"}],"about":[{"href":"https:\/\/photovoltsolutions.com\/ar\/wp-json\/wp\/v2\/types\/page"}],"author":[{"embeddable":true,"href":"https:\/\/photovoltsolutions.com\/ar\/wp-json\/wp\/v2\/users\/1"}],"replies":[{"embeddable":true,"href":"https:\/\/photovoltsolutions.com\/ar\/wp-json\/wp\/v2\/comments?post=12503"}],"version-history":[{"count":10,"href":"https:\/\/photovoltsolutions.com\/ar\/wp-json\/wp\/v2\/pages\/12503\/revisions"}],"predecessor-version":[{"id":12823,"href":"https:\/\/photovoltsolutions.com\/ar\/wp-json\/wp\/v2\/pages\/12503\/revisions\/12823"}],"wp:attachment":[{"href":"https:\/\/photovoltsolutions.com\/ar\/wp-json\/wp\/v2\/media?parent=12503"}],"curies":[{"name":"wp","href":"https:\/\/api.w.org\/{rel}","templated":true}]}}